{"id":27,"date":"2026-05-01T08:20:36","date_gmt":"2026-05-01T08:20:36","guid":{"rendered":"https:\/\/uy88.design\/?page_id=27"},"modified":"2026-05-01T08:20:36","modified_gmt":"2026-05-01T08:20:36","slug":"trang-chu","status":"publish","type":"page","link":"https:\/\/uy88.design\/","title":{"rendered":"Trang ch\u1ee7"},"content":{"rendered":"<h1 style=\"text-align: center;\"><span style=\"font-family: verdana, geneva, sans-serif;\"><strong>UY88 | S\u1ea3nh game \u0111\u1eb3ng c\u1ea5p &#8211; \u0110\u0103ng k\u00fd nh\u1eadn th\u01b0\u1edfng c\u1ef1c l\u1edbn 2026<\/strong><\/span><\/h1>\n<p><span style=\"font-family: verdana, geneva, sans-serif;\">UY88 l\u00e0 s\u1ef1 k\u1ebft h\u1ee3p ho\u00e0n h\u1ea3o gi\u1eefa n\u1ec1n t\u1ea3ng c\u00f4ng ngh\u1ec7 t\u01b0\u01a1ng lai v\u00e0 th\u1ebf gi\u1edbi gi\u1ea3i tr\u00ed \u0111\u1ec9nh cao. V\u1edbi h\u1ec7 sinh th\u00e1i tr\u00f2 ch\u01a1i \u0111a d\u1ea1ng t\u1eeb Casino, Th\u1ec3 thao \u0111\u1ebfn N\u1ed5 h\u0169, \u0111i k\u00e8m quy tr\u00ecnh n\u1ea1p r\u00fat b\u1ea3o m\u1eadt tuy\u1ec7t \u0111\u1ed1i v\u00e0 t\u1ef7 l\u1ec7 th\u01b0\u1edfng c\u1ea1nh tranh, UY88 t\u1ef1 h\u00e0o l\u00e0 s\u1ef1 l\u1ef1a ch\u1ecdn \u01b0u ti\u00ean c\u1ee7a c\u1ed9ng \u0111\u1ed3ng c\u01b0\u1ee3c th\u1ee7 th\u00f4ng th\u00e1i. \u0110\u0103ng k\u00fd ngay h\u00f4m nay \u0111\u1ec3 kh\u00e1m ph\u00e1 kh\u00f4ng gian c\u00e1 c\u01b0\u1ee3c minh b\u1ea1ch, ti\u1ec7n l\u1ee3i v\u00e0 t\u1eadn h\u01b0\u1edfng d\u1ecbch v\u1ee5 h\u1ed7 tr\u1ee3 chuy\u00ean nghi\u1ec7p chu\u1ea9n 5 sao 24\/7.<\/span><\/p>\n","protected":false},"excerpt":{"rendered":"<p>UY88 | S\u1ea3nh game \u0111\u1eb3ng c\u1ea5p &#8211; \u0110\u0103ng k\u00fd nh\u1eadn th\u01b0\u1edfng c\u1ef1c l\u1edbn 2026 UY88 l\u00e0 s\u1ef1 k\u1ebft h\u1ee3p ho\u00e0n h\u1ea3o gi\u1eefa n\u1ec1n t\u1ea3ng c\u00f4ng ngh\u1ec7 t\u01b0\u01a1ng lai v\u00e0 th\u1ebf gi\u1edbi gi\u1ea3i tr\u00ed \u0111\u1ec9nh cao. V\u1edbi h\u1ec7 sinh th\u00e1i tr\u00f2 ch\u01a1i \u0111a d\u1ea1ng t\u1eeb Casino, Th\u1ec3 thao \u0111\u1ebfn N\u1ed5 h\u0169, \u0111i k\u00e8m quy tr\u00ecnh n\u1ea1p [&#8230;]\n","protected":false},"author":1,"featured_media":6,"parent":0,"menu_order":0,"comment_status":"closed","ping_status":"closed","template":"","meta":{"footnotes":""},"class_list":["post-27","page","type-page","status-publish","has-post-thumbnail","hentry"],"_links":{"self":[{"href":"https:\/\/uy88.design\/index.php?rest_route=\/wp\/v2\/pages\/27","targetHints":{"allow":["GET"]}}],"collection":[{"href":"https:\/\/uy88.design\/index.php?rest_route=\/wp\/v2\/pages"}],"about":[{"href":"https:\/\/uy88.design\/index.php?rest_route=\/wp\/v2\/types\/page"}],"author":[{"embeddable":true,"href":"https:\/\/uy88.design\/index.php?rest_route=\/wp\/v2\/users\/1"}],"replies":[{"embeddable":true,"href":"https:\/\/uy88.design\/index.php?rest_route=%2Fwp%2Fv2%2Fcomments&post=27"}],"version-history":[{"count":1,"href":"https:\/\/uy88.design\/index.php?rest_route=\/wp\/v2\/pages\/27\/revisions"}],"predecessor-version":[{"id":28,"href":"https:\/\/uy88.design\/index.php?rest_route=\/wp\/v2\/pages\/27\/revisions\/28"}],"wp:featuredmedia":[{"embeddable":true,"href":"https:\/\/uy88.design\/index.php?rest_route=\/wp\/v2\/media\/6"}],"wp:attachment":[{"href":"https:\/\/uy88.design\/index.php?rest_route=%2Fwp%2Fv2%2Fmedia&parent=27"}],"curies":[{"name":"wp","href":"https:\/\/api.w.org\/{rel}","templated":true}]}}